{"id":601,"date":"2025-08-13T07:39:48","date_gmt":"2025-08-13T05:39:48","guid":{"rendered":"https:\/\/dolgozoi-szemelyszallitas-debrecen.hu\/?page_id=601"},"modified":"2025-08-13T07:45:12","modified_gmt":"2025-08-13T05:45:12","slug":"impressszum","status":"publish","type":"page","link":"https:\/\/dolgozoi-szemelyszallitas-debrecen.hu\/de\/impressszum\/","title":{"rendered":"Impressum"},"content":{"rendered":"<div data-elementor-type=\"wp-page\" data-elementor-id=\"601\" class=\"elementor elementor-601\" data-elementor-post-type=\"page\">\n\t\t\t\t<div class=\"elementor-element elementor-element-18c69d1 e-flex e-con-boxed e-con e-parent\" data-id=\"18c69d1\" data-element_type=\"container\">\n\t\t\t\t\t<div class=\"e-con-inner\">\n\t\t\t\t<div class=\"elementor-element elementor-element-d511696 elementor-widget elementor-widget-heading\" data-id=\"d511696\" data-element_type=\"widget\" data-widget_type=\"heading.default\">\n\t\t\t\t<div class=\"elementor-widget-container\">\n\t\t\t\t\t<h2 class=\"elementor-heading-title elementor-size-default\">Impressum<\/h2>\t\t\t\t<\/div>\n\t\t\t\t<\/div>\n\t\t\t\t<div class=\"elementor-element elementor-element-7c9b160 elementor-widget elementor-widget-text-editor\" data-id=\"7c9b160\" data-element_type=\"widget\" data-widget_type=\"text-editor.default\">\n\t\t\t\t<div class=\"elementor-widget-container\">\n\t\t\t\t\t\t\t\t\t<div class=\"elementor-element elementor-element-544ff3a elementor-widget elementor-widget-text-editor\" data-id=\"544ff3a\" data-element_type=\"widget\" data-widget_type=\"text-editor.default\"><div class=\"elementor-widget-container\"><p>C\u00e9gn\u00e9v: CEZ\u00c1R TOURS Kft.<br \/>C\u00edm: 4031 Debrecen, Der\u00e9k u. 142. fsz. 6.<br \/>Telefon: +3630 349 78 20<br \/>E-Mail: cezartours@gmail.com<br \/>Weboldal: www.dolgozoi-szemelyszallitas-debrecen.hu<br \/>A c\u00e9get bejegyz\u0151 hat\u00f3s\u00e1g: NAV<br \/>C\u00e9gjegyz\u00e9ksz\u00e1m: 09 09 004507<br \/>Ad\u00f3sz\u00e1m: 12118362-2-09<br \/>Kamara: Hajd\u00fa-Bihar Megyei Kereskedelmi \u00e9s Iparkamara (CSMKIK)<br \/>T\u00e1rhelyszolg\u00e1ltat\u00f3: NetMasters Europe Kft. (4200 Hajd\u00faszoboszl\u00f3, Di\u00f3szegi S\u00e1muel utca 5.)<\/p><\/div><\/div><div class=\"elementor-element elementor-element-edba4b5 elementor-widget elementor-widget-text-editor\" data-id=\"edba4b5\" data-element_type=\"widget\" data-widget_type=\"text-editor.default\"><div class=\"elementor-widget-container\"><p>Debrecen, 2023.08.13.<\/p><\/div><\/div>\t\t\t\t\t\t\t\t<\/div>\n\t\t\t\t<\/div>\n\t\t\t\t\t<\/div>\n\t\t\t\t<\/div>\n\t\t\t\t<\/div>","protected":false},"excerpt":{"rendered":"<p>Impresszum C\u00e9gn\u00e9v: CEZ\u00c1R TOURS Kft.C\u00edm: 4031 Debrecen, Der\u00e9k u. 142. fsz. 6.Telefon: +3630 349 78 20E-mail: cezartours@gmail.comWeboldal: www.dolgozoi-szemelyszallitas-debrecen.huA c\u00e9get bejegyz\u0151 hat\u00f3s\u00e1g: NAVC\u00e9gjegyz\u00e9ksz\u00e1m: 09 09 004507Ad\u00f3sz\u00e1m: 12118362-2-09Kamara: Hajd\u00fa-Bihar Megyei Kereskedelmi \u00e9s Iparkamara (CSMKIK)T\u00e1rhelyszolg\u00e1ltat\u00f3: NetMasters Europe Kft. (4200 Hajd\u00faszoboszl\u00f3, Di\u00f3szegi S\u00e1muel utca 5.) Debrecen, 2023.08.13.<\/p>","protected":false},"author":1,"featured_media":0,"parent":0,"menu_order":0,"comment_status":"closed","ping_status":"closed","template":"","meta":{"footnotes":""},"class_list":["post-601","page","type-page","status-publish","hentry"],"yoast_head":"<!-- This site is optimized with the Yoast SEO Premium plugin v25.6 (Yoast SEO v26.1.1) - https:\/\/yoast.com\/wordpress\/plugins\/seo\/ -->\n<title>Impresszum - dolgozoi-szemelyszallitas-debrecen.hu<\/title>\n<meta name=\"robots\" content=\"index, follow, max-snippet:-1, max-image-preview:large, max-video-preview:-1\" \/>\n<link rel=\"canonical\" href=\"https:\/\/dolgozoi-szemelyszallitas-debrecen.hu\/de\/impressszum\/\" \/>\n<meta property=\"og:locale\" content=\"de_DE\" \/>\n<meta property=\"og:type\" content=\"article\" \/>\n<meta property=\"og:title\" content=\"Impresszum\" \/>\n<meta property=\"og:description\" content=\"Impresszum C\u00e9gn\u00e9v: CEZ\u00c1R TOURS Kft.C\u00edm: 4031 Debrecen, Der\u00e9k u. 142. fsz. 6.Telefon: +3630 349 78 20E-mail: cezartours@gmail.comWeboldal: www.dolgozoi-szemelyszallitas-debrecen.huA c\u00e9get bejegyz\u0151 hat\u00f3s\u00e1g: NAVC\u00e9gjegyz\u00e9ksz\u00e1m: 09 09 004507Ad\u00f3sz\u00e1m: 12118362-2-09Kamara: Hajd\u00fa-Bihar Megyei Kereskedelmi \u00e9s Iparkamara (CSMKIK)T\u00e1rhelyszolg\u00e1ltat\u00f3: NetMasters Europe Kft. (4200 Hajd\u00faszoboszl\u00f3, Di\u00f3szegi S\u00e1muel utca 5.) Debrecen, 2023.08.13.\" \/>\n<meta property=\"og:url\" content=\"https:\/\/dolgozoi-szemelyszallitas-debrecen.hu\/de\/impressszum\/\" \/>\n<meta property=\"og:site_name\" content=\"dolgozoi-szemelyszallitas-debrecen.hu\" \/>\n<meta property=\"article:publisher\" content=\"https:\/\/www.facebook.com\/cezartours\" \/>\n<meta property=\"article:modified_time\" content=\"2025-08-13T05:45:12+00:00\" \/>\n<meta name=\"twitter:card\" content=\"summary_large_image\" \/>\n<meta name=\"twitter:label1\" content=\"Gesch\u00e4tzte Lesezeit\" \/>\n\t<meta name=\"twitter:data1\" content=\"1\u00a0Minute\" \/>\n<script type=\"application\/ld+json\" class=\"yoast-schema-graph\">{\"@context\":\"https:\/\/schema.org\",\"@graph\":[{\"@type\":\"WebPage\",\"@id\":\"https:\/\/dolgozoi-szemelyszallitas-debrecen.hu\/impressszum\/\",\"url\":\"https:\/\/dolgozoi-szemelyszallitas-debrecen.hu\/impressszum\/\",\"name\":\"Impresszum - dolgozoi-szemelyszallitas-debrecen.hu\",\"isPartOf\":{\"@id\":\"https:\/\/dolgozoi-szemelyszallitas-debrecen.hu\/#website\"},\"datePublished\":\"2025-08-13T05:39:48+00:00\",\"dateModified\":\"2025-08-13T05:45:12+00:00\",\"breadcrumb\":{\"@id\":\"https:\/\/dolgozoi-szemelyszallitas-debrecen.hu\/impressszum\/#breadcrumb\"},\"inLanguage\":\"de\",\"potentialAction\":[{\"@type\":\"ReadAction\",\"target\":[\"https:\/\/dolgozoi-szemelyszallitas-debrecen.hu\/impressszum\/\"]}]},{\"@type\":\"BreadcrumbList\",\"@id\":\"https:\/\/dolgozoi-szemelyszallitas-debrecen.hu\/impressszum\/#breadcrumb\",\"itemListElement\":[{\"@type\":\"ListItem\",\"position\":1,\"name\":\"Kezd\u0151lap\",\"item\":\"https:\/\/dolgozoi-szemelyszallitas-debrecen.hu\/\"},{\"@type\":\"ListItem\",\"position\":2,\"name\":\"Impresszum\"}]},{\"@type\":\"WebSite\",\"@id\":\"https:\/\/dolgozoi-szemelyszallitas-debrecen.hu\/#website\",\"url\":\"https:\/\/dolgozoi-szemelyszallitas-debrecen.hu\/\",\"name\":\"dolgozoi-szemelyszallitas-debrecen.hu\",\"description\":\"\",\"publisher\":{\"@id\":\"https:\/\/dolgozoi-szemelyszallitas-debrecen.hu\/#organization\"},\"potentialAction\":[{\"@type\":\"SearchAction\",\"target\":{\"@type\":\"EntryPoint\",\"urlTemplate\":\"https:\/\/dolgozoi-szemelyszallitas-debrecen.hu\/?s={search_term_string}\"},\"query-input\":{\"@type\":\"PropertyValueSpecification\",\"valueRequired\":true,\"valueName\":\"search_term_string\"}}],\"inLanguage\":\"de\"},{\"@type\":\"Organization\",\"@id\":\"https:\/\/dolgozoi-szemelyszallitas-debrecen.hu\/#organization\",\"name\":\"Cez\u00e1r Tours Kft.\",\"url\":\"https:\/\/dolgozoi-szemelyszallitas-debrecen.hu\/\",\"logo\":{\"@type\":\"ImageObject\",\"inLanguage\":\"de\",\"@id\":\"https:\/\/dolgozoi-szemelyszallitas-debrecen.hu\/#\/schema\/logo\/image\/\",\"url\":\"https:\/\/dolgozoi-szemelyszallitas-debrecen.hu\/wp-content\/uploads\/2024\/09\/Cezar_Tours_logo_fekete.png\",\"contentUrl\":\"https:\/\/dolgozoi-szemelyszallitas-debrecen.hu\/wp-content\/uploads\/2024\/09\/Cezar_Tours_logo_fekete.png\",\"width\":198,\"height\":123,\"caption\":\"Cez\u00e1r Tours Kft.\"},\"image\":{\"@id\":\"https:\/\/dolgozoi-szemelyszallitas-debrecen.hu\/#\/schema\/logo\/image\/\"},\"sameAs\":[\"https:\/\/www.facebook.com\/cezartours\"]}]}<\/script>\n<!-- \/ Yoast SEO Premium plugin. -->","yoast_head_json":{"title":"Impresszum - dolgozoi-szemelyszallitas-debrecen.hu","robots":{"index":"index","follow":"follow","max-snippet":"max-snippet:-1","max-image-preview":"max-image-preview:large","max-video-preview":"max-video-preview:-1"},"canonical":"https:\/\/dolgozoi-szemelyszallitas-debrecen.hu\/de\/impressszum\/","og_locale":"de_DE","og_type":"article","og_title":"Impresszum","og_description":"Impresszum C\u00e9gn\u00e9v: CEZ\u00c1R TOURS Kft.C\u00edm: 4031 Debrecen, Der\u00e9k u. 142. fsz. 6.Telefon: +3630 349 78 20E-mail: cezartours@gmail.comWeboldal: www.dolgozoi-szemelyszallitas-debrecen.huA c\u00e9get bejegyz\u0151 hat\u00f3s\u00e1g: NAVC\u00e9gjegyz\u00e9ksz\u00e1m: 09 09 004507Ad\u00f3sz\u00e1m: 12118362-2-09Kamara: Hajd\u00fa-Bihar Megyei Kereskedelmi \u00e9s Iparkamara (CSMKIK)T\u00e1rhelyszolg\u00e1ltat\u00f3: NetMasters Europe Kft. (4200 Hajd\u00faszoboszl\u00f3, Di\u00f3szegi S\u00e1muel utca 5.) Debrecen, 2023.08.13.","og_url":"https:\/\/dolgozoi-szemelyszallitas-debrecen.hu\/de\/impressszum\/","og_site_name":"dolgozoi-szemelyszallitas-debrecen.hu","article_publisher":"https:\/\/www.facebook.com\/cezartours","article_modified_time":"2025-08-13T05:45:12+00:00","twitter_card":"summary_large_image","twitter_misc":{"Gesch\u00e4tzte Lesezeit":"1\u00a0Minute"},"schema":{"@context":"https:\/\/schema.org","@graph":[{"@type":"WebPage","@id":"https:\/\/dolgozoi-szemelyszallitas-debrecen.hu\/impressszum\/","url":"https:\/\/dolgozoi-szemelyszallitas-debrecen.hu\/impressszum\/","name":"Impresszum - dolgozoi-szemelyszallitas-debrecen.hu","isPartOf":{"@id":"https:\/\/dolgozoi-szemelyszallitas-debrecen.hu\/#website"},"datePublished":"2025-08-13T05:39:48+00:00","dateModified":"2025-08-13T05:45:12+00:00","breadcrumb":{"@id":"https:\/\/dolgozoi-szemelyszallitas-debrecen.hu\/impressszum\/#breadcrumb"},"inLanguage":"de","potentialAction":[{"@type":"ReadAction","target":["https:\/\/dolgozoi-szemelyszallitas-debrecen.hu\/impressszum\/"]}]},{"@type":"BreadcrumbList","@id":"https:\/\/dolgozoi-szemelyszallitas-debrecen.hu\/impressszum\/#breadcrumb","itemListElement":[{"@type":"ListItem","position":1,"name":"Kezd\u0151lap","item":"https:\/\/dolgozoi-szemelyszallitas-debrecen.hu\/"},{"@type":"ListItem","position":2,"name":"Impresszum"}]},{"@type":"WebSite","@id":"https:\/\/dolgozoi-szemelyszallitas-debrecen.hu\/#website","url":"https:\/\/dolgozoi-szemelyszallitas-debrecen.hu\/","name":"dolgozoi-szemelyszallitas-debrecen.hu","description":"","publisher":{"@id":"https:\/\/dolgozoi-szemelyszallitas-debrecen.hu\/#organization"},"potentialAction":[{"@type":"SearchAction","target":{"@type":"EntryPoint","urlTemplate":"https:\/\/dolgozoi-szemelyszallitas-debrecen.hu\/?s={search_term_string}"},"query-input":{"@type":"PropertyValueSpecification","valueRequired":true,"valueName":"search_term_string"}}],"inLanguage":"de"},{"@type":"Organization","@id":"https:\/\/dolgozoi-szemelyszallitas-debrecen.hu\/#organization","name":"Cez\u00e1r Tours Kft.","url":"https:\/\/dolgozoi-szemelyszallitas-debrecen.hu\/","logo":{"@type":"ImageObject","inLanguage":"de","@id":"https:\/\/dolgozoi-szemelyszallitas-debrecen.hu\/#\/schema\/logo\/image\/","url":"https:\/\/dolgozoi-szemelyszallitas-debrecen.hu\/wp-content\/uploads\/2024\/09\/Cezar_Tours_logo_fekete.png","contentUrl":"https:\/\/dolgozoi-szemelyszallitas-debrecen.hu\/wp-content\/uploads\/2024\/09\/Cezar_Tours_logo_fekete.png","width":198,"height":123,"caption":"Cez\u00e1r Tours Kft."},"image":{"@id":"https:\/\/dolgozoi-szemelyszallitas-debrecen.hu\/#\/schema\/logo\/image\/"},"sameAs":["https:\/\/www.facebook.com\/cezartours"]}]}},"_links":{"self":[{"href":"https:\/\/dolgozoi-szemelyszallitas-debrecen.hu\/de\/wp-json\/wp\/v2\/pages\/601","targetHints":{"allow":["GET"]}}],"collection":[{"href":"https:\/\/dolgozoi-szemelyszallitas-debrecen.hu\/de\/wp-json\/wp\/v2\/pages"}],"about":[{"href":"https:\/\/dolgozoi-szemelyszallitas-debrecen.hu\/de\/wp-json\/wp\/v2\/types\/page"}],"author":[{"embeddable":true,"href":"https:\/\/dolgozoi-szemelyszallitas-debrecen.hu\/de\/wp-json\/wp\/v2\/users\/1"}],"replies":[{"embeddable":true,"href":"https:\/\/dolgozoi-szemelyszallitas-debrecen.hu\/de\/wp-json\/wp\/v2\/comments?post=601"}],"version-history":[{"count":8,"href":"https:\/\/dolgozoi-szemelyszallitas-debrecen.hu\/de\/wp-json\/wp\/v2\/pages\/601\/revisions"}],"predecessor-version":[{"id":614,"href":"https:\/\/dolgozoi-szemelyszallitas-debrecen.hu\/de\/wp-json\/wp\/v2\/pages\/601\/revisions\/614"}],"wp:attachment":[{"href":"https:\/\/dolgozoi-szemelyszallitas-debrecen.hu\/de\/wp-json\/wp\/v2\/media?parent=601"}],"curies":[{"name":"wp","href":"https:\/\/api.w.org\/{rel}","templated":true}]}}